{"id":3002,"date":"2023-06-12T11:21:46","date_gmt":"2023-06-12T11:21:46","guid":{"rendered":"https:\/\/hdelsahko.fi\/?page_id=3002"},"modified":"2023-06-15T08:03:54","modified_gmt":"2023-06-15T08:03:54","slug":"solar","status":"publish","type":"page","link":"https:\/\/hdelsahko.fi\/fi\/solar\/","title":{"rendered":"Aurinkopaneelit &#8211; Solpaneler"},"content":{"rendered":"<div data-elementor-type=\"wp-page\" data-elementor-id=\"3002\" class=\"elementor elementor-3002\">\n\t\t\t\t\t\t<section class=\"elementor-section elementor-top-section elementor-element elementor-element-e9a3ad2 elementor-section-height-min-height elementor-section-boxed elementor-section-height-default elementor-section-items-middle\" data-id=\"e9a3ad2\" data-element_type=\"section\" data-settings=\"{&quot;background_background&quot;:&quot;classic&quot;,&quot;shape_divider_bottom&quot;:&quot;opacity-tilt&quot;}\">\n\t\t\t\t\t\t\t<div class=\"elementor-background-overlay\"><\/div>\n\t\t\t\t\t\t<div class=\"elementor-shape elementor-shape-bottom\" aria-hidden=\"true\" data-negative=\"false\">\n\t\t\t<svg xmlns=\"http:\/\/www.w3.org\/2000\/svg\" viewbox=\"0 0 2600 131.1\" preserveaspectratio=\"none\">\n\t<path class=\"elementor-shape-fill\" d=\"M0 0L2600 0 2600 69.1 0 0z\"\/>\n\t<path class=\"elementor-shape-fill\" style=\"opacity:0.5\" d=\"M0 0L2600 0 2600 69.1 0 69.1z\"\/>\n\t<path class=\"elementor-shape-fill\" style=\"opacity:0.25\" d=\"M2600 0L0 0 0 130.1 2600 69.1z\"\/>\n<\/svg>\t\t<\/div>\n\t\t\t\t\t<div class=\"elementor-container elementor-column-gap-default\">\n\t\t\t\t\t<div class=\"elementor-column elementor-col-100 elementor-top-column elementor-element elementor-element-808da6d\" data-id=\"808da6d\" data-element_type=\"column\">\n\t\t\t<div class=\"elementor-widget-wrap elementor-element-populated\">\n\t\t\t\t\t\t<div class=\"elementor-element elementor-element-3d8ca54 elementor-widget elementor-widget-spacer\" data-id=\"3d8ca54\" data-element_type=\"widget\" data-widget_type=\"spacer.default\">\n\t\t\t\t<div class=\"elementor-widget-container\">\n\t\t\t\t\t\t\t<div class=\"elementor-spacer\">\n\t\t\t<div class=\"elementor-spacer-inner\"><\/div>\n\t\t<\/div>\n\t\t\t\t\t\t<\/div>\n\t\t\t\t<\/div>\n\t\t\t\t\t<\/div>\n\t\t<\/div>\n\t\t\t\t\t<\/div>\n\t\t<\/section>\n\t\t\t\t<section class=\"elementor-section elementor-top-section elementor-element elementor-element-df722c6 elementor-section-boxed elementor-section-height-default elementor-section-height-default\" data-id=\"df722c6\" data-element_type=\"section\">\n\t\t\t\t\t\t<div class=\"elementor-container elementor-column-gap-default\">\n\t\t\t\t\t<div class=\"elementor-column elementor-col-100 elementor-top-column elementor-element elementor-element-e978894\" data-id=\"e978894\" data-element_type=\"column\">\n\t\t\t<div class=\"elementor-widget-wrap elementor-element-populated\">\n\t\t\t\t\t\t<div class=\"elementor-element elementor-element-3620960 elementor-widget elementor-widget-heading\" data-id=\"3620960\" data-element_type=\"widget\" data-widget_type=\"heading.default\">\n\t\t\t\t<div class=\"elementor-widget-container\">\n\t\t\t\t\t<h1 class=\"elementor-heading-title elementor-size-default\">Aurinkopaneelipaketit HD S\u00e4hk\u00f6st\u00e4 <\/h1>\t\t\t\t<\/div>\n\t\t\t\t<\/div>\n\t\t\t\t<div class=\"elementor-element elementor-element-89296a6 elementor-widget elementor-widget-heading\" data-id=\"89296a6\" data-element_type=\"widget\" data-widget_type=\"heading.default\">\n\t\t\t\t<div class=\"elementor-widget-container\">\n\t\t\t\t\t<h2 class=\"elementor-heading-title elementor-size-default\">Ota energiatuotanto omaan haltuusi\n\n<\/h2>\t\t\t\t<\/div>\n\t\t\t\t<\/div>\n\t\t\t\t\t<\/div>\n\t\t<\/div>\n\t\t\t\t\t<\/div>\n\t\t<\/section>\n\t\t\t\t<section class=\"elementor-section elementor-top-section elementor-element elementor-element-dc02f76 elementor-section-boxed elementor-section-height-default elementor-section-height-default\" data-id=\"dc02f76\" data-element_type=\"section\">\n\t\t\t\t\t\t<div class=\"elementor-container elementor-column-gap-default\">\n\t\t\t\t\t<div class=\"elementor-column elementor-col-50 elementor-top-column elementor-element elementor-element-7dc1a6a\" data-id=\"7dc1a6a\" data-element_type=\"column\" data-settings=\"{&quot;background_background&quot;:&quot;classic&quot;}\">\n\t\t\t<div class=\"elementor-widget-wrap elementor-element-populated\">\n\t\t\t\t\t\t<div class=\"elementor-element elementor-element-cd24626 elementor-tabs-view-horizontal elementor-widget elementor-widget-tabs\" data-id=\"cd24626\" data-element_type=\"widget\" data-widget_type=\"tabs.default\">\n\t\t\t\t<div class=\"elementor-widget-container\">\n\t\t\t\t\t\t\t<div class=\"elementor-tabs\">\n\t\t\t<div class=\"elementor-tabs-wrapper\" role=\"tablist\" >\n\t\t\t\t\t\t\t\t\t<div id=\"elementor-tab-title-2151\" class=\"elementor-tab-title elementor-tab-desktop-title\" aria-selected=\"true\" data-tab=\"1\" role=\"tab\" tabindex=\"0\" aria-controls=\"elementor-tab-content-2151\" aria-expanded=\"false\">Henkil\u00f6asiakkaat<\/div>\n\t\t\t\t\t\t\t\t\t<div id=\"elementor-tab-title-2152\" class=\"elementor-tab-title elementor-tab-desktop-title\" aria-selected=\"false\" data-tab=\"2\" role=\"tab\" tabindex=\"-1\" aria-controls=\"elementor-tab-content-2152\" aria-expanded=\"false\">Teollisuus, yritykset ja maatalous<\/div>\n\t\t\t\t\t\t\t<\/div>\n\t\t\t<div class=\"elementor-tabs-content-wrapper\" role=\"tablist\" aria-orientation=\"vertical\">\n\t\t\t\t\t\t\t\t\t<div class=\"elementor-tab-title elementor-tab-mobile-title\" aria-selected=\"true\" data-tab=\"1\" role=\"tab\" tabindex=\"0\" aria-controls=\"elementor-tab-content-2151\" aria-expanded=\"false\">Henkil\u00f6asiakkaat<\/div>\n\t\t\t\t\t<div id=\"elementor-tab-content-2151\" class=\"elementor-tab-content elementor-clearfix\" data-tab=\"1\" role=\"tabpanel\" aria-labelledby=\"elementor-tab-title-2151\" tabindex=\"0\" hidden=\"false\"><p>Autamme sinua vaihtamaan puhtaanpaan ja edullisempaan energiantuotantoon katolle tai maahan asenettavin aurinkopanelein.\u00a0<\/p><p>Aurinkopaneelit auttavat pienent\u00e4m\u00e4\u00e4n s\u00e4hk\u00f6laskua ja v\u00e4ltt\u00e4m\u00e4\u00e4n nousevia s\u00e4hk\u00f6nsiirtomaksuja. Itse tuotettu s\u00e4hk\u00f6 k\u00e4ytet\u00e4\u00e4n omakotitalouden s\u00e4hk\u00f6tarpeeseen ja ylij\u00e4\u00e4m\u00e4n voi myyd\u00e4 verkkoon tai varastoida akkuun.\u00a0<\/p><p>Suunnittelemme ja asennamme aurinkopaneeli ratkaisuja omakotitalouksiin, teollisuuskiinteist\u00f6ihin, maatalouteen ja kes\u00e4asuntoihiin. Kartoitamme kulutuksesi ennen tarjouksen tekemist\u00e4, jotta ratkaisu mitoitetaan varmasti sinun tarpeisiisi tavoitteena pienent\u00e4\u00e4 s\u00e4sk\u00f6laskua tuntuvasti.\u00a0<\/p><p>Meid\u00e4n tarjoamaan aurinkopanelipakettiin kuuluu aurinkopaneelit, invertteri, telineet sek\u00e4 niinden vaatimat asennusty\u00f6t. Autamme sinua koko prosessin l\u00e4pi my\u00f6s ilmoitusten ja tarkastusten kanssa.<\/p><p>Meilt\u00e4 aurinkopaneelipakettiin on mahdollista ostaa lis\u00e4varusteena Ohmpilotti, joka varmistaa esimerkiksi, ett\u00e4 k\u00e4ytt\u00f6vesi on l\u00e4mmitetty ja energiaa on k\u00e4ytetty mahdollisimman paljon omiin tarpeisiin, ennen energian myymist\u00e4 verkkoon.\n\nAurinkopanelien ty\u00f6nosuudesta on oikeus hakea verottajalta kotitalousv\u00e4hennyst\u00e4.<\/p><p>Bra att minnas \u00e4r att f\u00f6r arbetstimmarna kan f\u00e5r man s\u00f6ka hush\u00e5llsavdrag<\/p><\/div>\n\t\t\t\t\t\t\t\t\t<div class=\"elementor-tab-title elementor-tab-mobile-title\" aria-selected=\"false\" data-tab=\"2\" role=\"tab\" tabindex=\"-1\" aria-controls=\"elementor-tab-content-2152\" aria-expanded=\"false\">Teollisuus, yritykset ja maatalous<\/div>\n\t\t\t\t\t<div id=\"elementor-tab-content-2152\" class=\"elementor-tab-content elementor-clearfix\" data-tab=\"2\" role=\"tabpanel\" aria-labelledby=\"elementor-tab-title-2152\" tabindex=\"0\" hidden=\"hidden\"><p>S\u00e4hk\u00f6lasku on monien yritysten suurin kiinteist\u00f6\u00f6n liittyv\u00e4 kulu. Arinkopaneelien avulla minimoitte s\u00e4hk\u00f6n hintojen ja -siirtokulujen heilahtelun vaikutusta yrityksen kuluihin.\u00a0<\/p><p>Business Finland tukee rahoituksella yrityksi\u00e4, jotka haluavat siirty\u00e4 vihre\u00e4mp\u00e4\u00e4n ja kest\u00e4v\u00e4mp\u00e4\u00e4n energiatuotantoon.\u00a0<\/p><p class=\"translation-block\"><a href=\"https:\/\/www.businessfinland.fi\/suomalaisille-asiakkaille\/palvelut\/rahoitus\/energiatuki\" target=\"_blank\" rel=\"noopener\"><span style=\"text-decoration: underline\">Business Finlandin kotisivulta<\/span><\/a> saatte enemm\u00e4n tietoa rahoituksen hakemisesta.<\/p><p>Maalouden piiriss\u00e4 tuen hakeminen tapahtuu Hyrr\u00e4-palvelun kautta.<\/p><p class=\"translation-block\"><a href=\"https:\/\/www.ruokavirasto.fi\/viljelijat\/tuet-ja-rahoitus\/maatalouden-investointituet\/\/\" target=\"_blank\" rel=\"noopener\"> <span style=\"text-decoration: underline\">Ruokaviraston sivulta<\/span><\/a> l\u00f6ytyy lis\u00e4\u00e4 tietoa tuen hakemisesta maataloustuttajille.<\/p><\/div>\n\t\t\t\t\t\t\t<\/div>\n\t\t<\/div>\n\t\t\t\t\t\t<\/div>\n\t\t\t\t<\/div>\n\t\t\t\t<div class=\"elementor-element elementor-element-bfc025c elementor-widget elementor-widget-heading\" data-id=\"bfc025c\" data-element_type=\"widget\" data-widget_type=\"heading.default\">\n\t\t\t\t<div class=\"elementor-widget-container\">\n\t\t\t\t\t<h5 class=\"elementor-heading-title elementor-size-default\">Ota meihin yhteytt\u00e4 ja autamme sinua valitsemaan parhaan vaihtoehdon.<\/h5>\t\t\t\t<\/div>\n\t\t\t\t<\/div>\n\t\t\t\t<div class=\"elementor-element elementor-element-5d9961c elementor-widget elementor-widget-wpforms\" data-id=\"5d9961c\" data-element_type=\"widget\" data-widget_type=\"wpforms.default\">\n\t\t\t\t<div class=\"elementor-widget-container\">\n\t\t\t\t\t<div class=\"wpforms-container\" id=\"wpforms-18\"><form id=\"wpforms-form-18\" class=\"wpforms-validate wpforms-form\" data-formid=\"18\" method=\"post\" enctype=\"multipart\/form-data\" action=\"\/fi\/wp-json\/wp\/v2\/pages\/3002\" data-token=\"8b8775690b72711ab7c39595e18076af\" data-token-time=\"1776468537\" data-trp-original-action=\"\/fi\/wp-json\/wp\/v2\/pages\/3002\"><noscript class=\"wpforms-error-noscript\">Please enable JavaScript in your browser to complete this form.<\/noscript><div class=\"wpforms-field-container\"><div id=\"wpforms-18-field_0-container\" class=\"wpforms-field wpforms-field-name\" data-field-id=\"0\"><label class=\"wpforms-field-label\" for=\"wpforms-18-field_0\">Namn \/ Nimi <span class=\"wpforms-required-label\">*<\/span><\/label><input type=\"text\" id=\"wpforms-18-field_0\" class=\"wpforms-field-large wpforms-field-required\" name=\"wpforms[fields][0]\" placeholder=\"-\" required><\/div><div id=\"wpforms-18-field_4-container\" class=\"wpforms-field wpforms-field-email\" data-field-id=\"4\"><label class=\"wpforms-field-label\" for=\"wpforms-18-field_4\">Epost \/ S\u00e4hk\u00f6posti <span class=\"wpforms-required-label\">*<\/span><\/label><input type=\"email\" id=\"wpforms-18-field_4\" class=\"wpforms-field-large wpforms-field-required\" name=\"wpforms[fields][4]\" placeholder=\"-\" spellcheck=\"false\" required><\/div><div id=\"wpforms-18-field_10-container\" class=\"wpforms-field wpforms-field-name\" data-field-id=\"10\"><label class=\"wpforms-field-label\" for=\"wpforms-18-field_10\">Telefonnummer (Valfritt) \/ Puhelinnumero (Valinnainen) <\/label><input type=\"text\" id=\"wpforms-18-field_10\" class=\"wpforms-field-large\" name=\"wpforms[fields][10]\" placeholder=\"-\" ><\/div><div id=\"wpforms-18-field_12-container\" class=\"wpforms-field wpforms-field-text\" data-field-id=\"12\"><label class=\"wpforms-field-label\" for=\"wpforms-18-field_12\">Objektets adress (Valfritt) \/ Kohteen Osoite (valinnainen)<\/label><input type=\"text\" id=\"wpforms-18-field_12\" class=\"wpforms-field-medium\" name=\"wpforms[fields][12]\" placeholder=\"-\" ><\/div><div id=\"wpforms-18-field_6-container\" class=\"wpforms-field wpforms-field-select wpforms-field-select-style-classic\" data-field-id=\"6\"><label class=\"wpforms-field-label\" for=\"wpforms-18-field_6\">Installationsyta \/ Asennuspinta<\/label><select id=\"wpforms-18-field_6\" class=\"wpforms-field-medium\" name=\"wpforms[fields][6]\"><option value=\"\u00c4r inte s\u00e4ker \/ En ole varma\" >\u00c4r inte s\u00e4ker \/ En ole varma<\/option><option value=\"Maskinfalsad pl\u00e5t \/ Konesaumatto pelti\" >Maskinfalsad pl\u00e5t \/ Konesaumatto pelti<\/option><option value=\"Tegelimitationspl\u00e5t \/ Tiilikainen\" >Tegelimitationspl\u00e5t \/ Tiilikainen<\/option><option value=\"B\u00e4rande Profilpl\u00e5t, Industritak \/ Kantava profiili- \/ teollisuuskatto\" >B\u00e4rande Profilpl\u00e5t, Industritak \/ Kantava profiili- \/ teollisuuskatto<\/option><option value=\"Tegelpannor \/ Tiilikatto\" >Tegelpannor \/ Tiilikatto<\/option><option value=\"P\u00e5 Marken \/ Maalla\" >P\u00e5 Marken \/ Maalla<\/option><\/select><div class=\"wpforms-field-description\">Olika taktyper kr\u00e4ver olika f\u00e4sten. Genom att ange installationsyta s\u00e5 p\u00e5skyndas processen.\r\n\r\nKattotyypit vaatii eri kiinnikkeet. Antamalla kohden kattotyyppi nopeutat prosessi\u00e4.<\/div><\/div><div id=\"wpforms-18-field_7-container\" class=\"wpforms-field wpforms-field-checkbox\" data-field-id=\"7\"><label class=\"wpforms-field-label\">Anslutning \/ Liittym\u00e4 <span class=\"wpforms-required-label\">*<\/span><\/label><ul id=\"wpforms-18-field_7\" class=\"wpforms-field-required\"><li class=\"choice-1 depth-1\"><input type=\"checkbox\" id=\"wpforms-18-field_7_1\" name=\"wpforms[fields][7][]\" value=\"N\u00e4tanslutet\" required><label class=\"wpforms-field-label-inline\" for=\"wpforms-18-field_7_1\">Verkkoliittym\u00e4<\/label><\/li><li class=\"choice-2 depth-1\"><input type=\"checkbox\" id=\"wpforms-18-field_7_2\" name=\"wpforms[fields][7][]\" value=\"Utan anslutning till eln\u00e4tet \/ Ilman s\u00e4hk\u00f6verkkoliittym\u00e4 (Offgrid)\" required><label class=\"wpforms-field-label-inline\" for=\"wpforms-18-field_7_2\">Utan anslutning till eln\u00e4tet \/ Ilman s\u00e4hk\u00f6verkkoliittym\u00e4 (Offgrid)<\/label><\/li><\/ul><\/div><div id=\"wpforms-18-field_2-container\" class=\"wpforms-field wpforms-field-textarea\" data-field-id=\"2\"><label class=\"wpforms-field-label\" for=\"wpforms-18-field_2\">Viesti <span class=\"wpforms-required-label\">*<\/span><\/label><textarea id=\"wpforms-18-field_2\" class=\"wpforms-field-large wpforms-field-required\" name=\"wpforms[fields][2]\" placeholder=\"Skriv h\u00e4r\" required><\/textarea><\/div><\/div><!-- .wpforms-field-container --><div class=\"wpforms-field wpforms-field-hp\"><label for=\"wpforms-18-field-hp\" class=\"wpforms-field-label\">Website<\/label><input type=\"text\" name=\"wpforms[hp]\" id=\"wpforms-18-field-hp\" class=\"wpforms-field-medium\"><\/div><div class=\"wpforms-submit-container\" ><input type=\"hidden\" name=\"wpforms[id]\" value=\"18\"><input type=\"hidden\" name=\"page_title\" value=\"\"><input type=\"hidden\" name=\"page_url\" value=\"https:\/\/hdelsahko.fi\/fi\/wp-json\/wp\/v2\/pages\/3002\"><input type=\"hidden\" name=\"url_referer\" value=\"\"><button type=\"submit\" name=\"wpforms[submit]\" id=\"wpforms-submit-18\" class=\"wpforms-submit\" data-alt-text=\"Skickar...\" data-submit-text=\"S\u00e4nd Meddelande\" aria-live=\"assertive\" value=\"wpforms-submit\">S\u00e4nd Meddelande<\/button><\/div><input type=\"hidden\" name=\"trp-form-language\" value=\"fi\"\/><\/form><\/div>  <!-- .wpforms-container -->\t\t\t\t<\/div>\n\t\t\t\t<\/div>\n\t\t\t\t\t<\/div>\n\t\t<\/div>\n\t\t\t\t<div class=\"elementor-column elementor-col-50 elementor-top-column elementor-element elementor-element-073cf94\" data-id=\"073cf94\" data-element_type=\"column\" data-settings=\"{&quot;background_background&quot;:&quot;classic&quot;}\">\n\t\t\t<div class=\"elementor-widget-wrap elementor-element-populated\">\n\t\t\t\t\t\t<div class=\"elementor-element elementor-element-db67b54 elementor-widget elementor-widget-image-gallery\" data-id=\"db67b54\" data-element_type=\"widget\" data-widget_type=\"image-gallery.default\">\n\t\t\t\t<div class=\"elementor-widget-container\">\n\t\t\t\t\t\t\t<div class=\"elementor-image-gallery\">\n\t\t\t<div id='gallery-1' class='gallery galleryid-3002 gallery-columns-1 gallery-size-medium_large'><figure class='gallery-item'>\n\t\t\t<div class='gallery-icon landscape'>\n\t\t\t\t<a data-elementor-open-lightbox=\"yes\" data-elementor-lightbox-slideshow=\"db67b54\" data-elementor-lightbox-title=\"solar-system-roof-power-generation-2939560\" data-e-action-hash=\"#elementor-action%3Aaction%3Dlightbox%26settings%3DeyJpZCI6MjYzMSwidXJsIjoiaHR0cHM6XC9cL2hkZWxzYWhrby5maVwvd3AtY29udGVudFwvdXBsb2Fkc1wvMjAyMlwvMDZcL3NvbGFyLXN5c3RlbS1yb29mLXBvd2VyLWdlbmVyYXRpb24tMjkzOTU2MC5qcGciLCJzbGlkZXNob3ciOiJkYjY3YjU0In0%3D\" href='https:\/\/hdelsahko.fi\/wp-content\/uploads\/2022\/06\/solar-system-roof-power-generation-2939560.jpg'><img fetchpriority=\"high\" decoding=\"async\" width=\"768\" height=\"393\" src=\"https:\/\/hdelsahko.fi\/wp-content\/uploads\/2022\/06\/solar-system-roof-power-generation-2939560-768x393.jpg\" class=\"attachment-medium_large size-medium_large\" alt=\"\" srcset=\"https:\/\/hdelsahko.fi\/wp-content\/uploads\/2022\/06\/solar-system-roof-power-generation-2939560-768x393.jpg 768w, https:\/\/hdelsahko.fi\/wp-content\/uploads\/2022\/06\/solar-system-roof-power-generation-2939560-300x154.jpg 300w, https:\/\/hdelsahko.fi\/wp-content\/uploads\/2022\/06\/solar-system-roof-power-generation-2939560-1024x524.jpg 1024w, https:\/\/hdelsahko.fi\/wp-content\/uploads\/2022\/06\/solar-system-roof-power-generation-2939560.jpg 1280w\" sizes=\"(max-width: 768px) 100vw, 768px\" \/><\/a>\n\t\t\t<\/div><\/figure><figure class='gallery-item'>\n\t\t\t<div class='gallery-icon landscape'>\n\t\t\t\t<a data-elementor-open-lightbox=\"yes\" data-elementor-lightbox-slideshow=\"db67b54\" data-elementor-lightbox-title=\"panel-solar-power-2562240\" data-e-action-hash=\"#elementor-action%3Aaction%3Dlightbox%26settings%3DeyJpZCI6MjYyMywidXJsIjoiaHR0cHM6XC9cL2hkZWxzYWhrby5maVwvd3AtY29udGVudFwvdXBsb2Fkc1wvMjAyMlwvMDZcL3BhbmVsLXNvbGFyLXBvd2VyLTI1NjIyNDAuanBnIiwic2xpZGVzaG93IjoiZGI2N2I1NCJ9\" href='https:\/\/hdelsahko.fi\/wp-content\/uploads\/2022\/06\/panel-solar-power-2562240.jpg'><img decoding=\"async\" width=\"768\" height=\"491\" src=\"https:\/\/hdelsahko.fi\/wp-content\/uploads\/2022\/06\/panel-solar-power-2562240-768x491.jpg\" class=\"attachment-medium_large size-medium_large\" alt=\"\" srcset=\"https:\/\/hdelsahko.fi\/wp-content\/uploads\/2022\/06\/panel-solar-power-2562240-768x491.jpg 768w, https:\/\/hdelsahko.fi\/wp-content\/uploads\/2022\/06\/panel-solar-power-2562240-300x192.jpg 300w, https:\/\/hdelsahko.fi\/wp-content\/uploads\/2022\/06\/panel-solar-power-2562240-1024x655.jpg 1024w, https:\/\/hdelsahko.fi\/wp-content\/uploads\/2022\/06\/panel-solar-power-2562240.jpg 1280w\" sizes=\"(max-width: 768px) 100vw, 768px\" \/><\/a>\n\t\t\t<\/div><\/figure><figure class='gallery-item'>\n\t\t\t<div class='gallery-icon landscape'>\n\t\t\t\t<a data-elementor-open-lightbox=\"yes\" data-elementor-lightbox-slideshow=\"db67b54\" data-elementor-lightbox-title=\"alternative-cell-clean-21761\" data-e-action-hash=\"#elementor-action%3Aaction%3Dlightbox%26settings%3DeyJpZCI6Mjc1MiwidXJsIjoiaHR0cHM6XC9cL2hkZWxzYWhrby5maVwvd3AtY29udGVudFwvdXBsb2Fkc1wvMjAyMlwvMDZcL2FsdGVybmF0aXZlLWNlbGwtY2xlYW4tMjE3NjEuanBnIiwic2xpZGVzaG93IjoiZGI2N2I1NCJ9\" href='https:\/\/hdelsahko.fi\/wp-content\/uploads\/2022\/06\/alternative-cell-clean-21761.jpg'><img decoding=\"async\" width=\"768\" height=\"512\" src=\"https:\/\/hdelsahko.fi\/wp-content\/uploads\/2022\/06\/alternative-cell-clean-21761-768x512.jpg\" class=\"attachment-medium_large size-medium_large\" alt=\"\" srcset=\"https:\/\/hdelsahko.fi\/wp-content\/uploads\/2022\/06\/alternative-cell-clean-21761-768x512.jpg 768w, https:\/\/hdelsahko.fi\/wp-content\/uploads\/2022\/06\/alternative-cell-clean-21761-300x200.jpg 300w, https:\/\/hdelsahko.fi\/wp-content\/uploads\/2022\/06\/alternative-cell-clean-21761-1024x682.jpg 1024w, https:\/\/hdelsahko.fi\/wp-content\/uploads\/2022\/06\/alternative-cell-clean-21761-18x12.jpg 18w, https:\/\/hdelsahko.fi\/wp-content\/uploads\/2022\/06\/alternative-cell-clean-21761.jpg 1280w\" sizes=\"(max-width: 768px) 100vw, 768px\" \/><\/a>\n\t\t\t<\/div><\/figure><figure class='gallery-item'>\n\t\t\t<div class='gallery-icon portrait'>\n\t\t\t\t<a data-elementor-open-lightbox=\"yes\" data-elementor-lightbox-slideshow=\"db67b54\" data-elementor-lightbox-title=\"WhatsApp Image 2022-06-09 at 11.38.37 AM\" data-e-action-hash=\"#elementor-action%3Aaction%3Dlightbox%26settings%3DeyJpZCI6Mjc1NSwidXJsIjoiaHR0cHM6XC9cL2hkZWxzYWhrby5maVwvd3AtY29udGVudFwvdXBsb2Fkc1wvMjAyMlwvMDZcL1doYXRzQXBwLUltYWdlLTIwMjItMDYtMDktYXQtMTEuMzguMzctQU0tMS5qcGVnIiwic2xpZGVzaG93IjoiZGI2N2I1NCJ9\" href='https:\/\/hdelsahko.fi\/wp-content\/uploads\/2022\/06\/WhatsApp-Image-2022-06-09-at-11.38.37-AM-1.jpeg'><img loading=\"lazy\" decoding=\"async\" width=\"768\" height=\"1125\" src=\"https:\/\/hdelsahko.fi\/wp-content\/uploads\/2022\/06\/WhatsApp-Image-2022-06-09-at-11.38.37-AM-1-768x1125.jpeg\" class=\"attachment-medium_large size-medium_large\" alt=\"\" srcset=\"https:\/\/hdelsahko.fi\/wp-content\/uploads\/2022\/06\/WhatsApp-Image-2022-06-09-at-11.38.37-AM-1-768x1125.jpeg 768w, https:\/\/hdelsahko.fi\/wp-content\/uploads\/2022\/06\/WhatsApp-Image-2022-06-09-at-11.38.37-AM-1-205x300.jpeg 205w, https:\/\/hdelsahko.fi\/wp-content\/uploads\/2022\/06\/WhatsApp-Image-2022-06-09-at-11.38.37-AM-1-699x1024.jpeg 699w, https:\/\/hdelsahko.fi\/wp-content\/uploads\/2022\/06\/WhatsApp-Image-2022-06-09-at-11.38.37-AM-1-8x12.jpeg 8w, https:\/\/hdelsahko.fi\/wp-content\/uploads\/2022\/06\/WhatsApp-Image-2022-06-09-at-11.38.37-AM-1.jpeg 922w\" sizes=\"(max-width: 768px) 100vw, 768px\" \/><\/a>\n\t\t\t<\/div><\/figure>\n\t\t<\/div>\n\t\t<\/div>\n\t\t\t\t\t\t<\/div>\n\t\t\t\t<\/div>\n\t\t\t\t\t<\/div>\n\t\t<\/div>\n\t\t\t\t\t<\/div>\n\t\t<\/section>\n\t\t\t\t<\/div>","protected":false},"excerpt":{"rendered":"<p>Solpanelspaket fr\u00e5n HD El Ta tag i din egen energiproduktion Privatpersoner Industri, f\u00f6retag och lantbruk Privatpersoner Vi hj\u00e4lper dig att g\u00e5 \u00f6ver till en renare och billigare energif\u00f6rs\u00f6rjning med solpanelssystem f\u00f6r tak och mark.\u00a0 Med solpaneler minskar du p\u00e5 elr\u00e4kningen och undviker stigande \u00f6verf\u00f6ringskostnader. Den egna producerade g\u00e5r till dina elapparater och \u00f6verskottet kan s\u00e4ljas [&hellip;]<\/p>","protected":false},"author":1,"featured_media":0,"parent":0,"menu_order":0,"comment_status":"closed","ping_status":"closed","template":"","meta":{"site-sidebar-layout":"no-sidebar","site-content-layout":"page-builder","ast-site-content-layout":"","site-content-style":"default","site-sidebar-style":"default","ast-global-header-display":"","ast-banner-title-visibility":"","ast-main-header-display":"","ast-hfb-above-header-display":"","ast-hfb-below-header-display":"","ast-hfb-mobile-header-display":"","site-post-title":"disabled","ast-breadcrumbs-content":"","ast-featured-img":"disabled","footer-sml-layout":"","theme-transparent-header-meta":"enabled","adv-header-id-meta":"","stick-header-meta":"","header-above-stick-meta":"","header-main-stick-meta":"","header-below-stick-meta":"","astra-migrate-meta-layouts":"default","ast-page-background-enabled":"default","ast-page-background-meta":{"desktop":{"background-color":"","background-image":"","background-repeat":"repeat","background-position":"center center","background-size":"auto","background-attachment":"scroll","background-type":"","background-media":"","overlay-type":"","overlay-color":"","overlay-opacity":"","overlay-gradient":""},"tablet":{"background-color":"","background-image":"","background-repeat":"repeat","background-position":"center center","background-size":"auto","background-attachment":"scroll","background-type":"","background-media":"","overlay-type":"","overlay-color":"","overlay-opacity":"","overlay-gradient":""},"mobile":{"background-color":"","background-image":"","background-repeat":"repeat","background-position":"center center","background-size":"auto","background-attachment":"scroll","background-type":"","background-media":"","overlay-type":"","overlay-color":"","overlay-opacity":"","overlay-gradient":""}},"ast-content-background-meta":{"desktop":{"background-color":"var(--ast-global-color-5)","background-image":"","background-repeat":"repeat","background-position":"center center","background-size":"auto","background-attachment":"scroll","background-type":"","background-media":"","overlay-type":"","overlay-color":"","overlay-opacity":"","overlay-gradient":""},"tablet":{"background-color":"var(--ast-global-color-5)","background-image":"","background-repeat":"repeat","background-position":"center center","background-size":"auto","background-attachment":"scroll","background-type":"","background-media":"","overlay-type":"","overlay-color":"","overlay-opacity":"","overlay-gradient":""},"mobile":{"background-color":"var(--ast-global-color-5)","background-image":"","background-repeat":"repeat","background-position":"center center","background-size":"auto","background-attachment":"scroll","background-type":"","background-media":"","overlay-type":"","overlay-color":"","overlay-opacity":"","overlay-gradient":""}},"footnotes":""},"class_list":["post-3002","page","type-page","status-publish","hentry"],"_links":{"self":[{"href":"https:\/\/hdelsahko.fi\/fi\/wp-json\/wp\/v2\/pages\/3002","targetHints":{"allow":["GET"]}}],"collection":[{"href":"https:\/\/hdelsahko.fi\/fi\/wp-json\/wp\/v2\/pages"}],"about":[{"href":"https:\/\/hdelsahko.fi\/fi\/wp-json\/wp\/v2\/types\/page"}],"author":[{"embeddable":true,"href":"https:\/\/hdelsahko.fi\/fi\/wp-json\/wp\/v2\/users\/1"}],"replies":[{"embeddable":true,"href":"https:\/\/hdelsahko.fi\/fi\/wp-json\/wp\/v2\/comments?post=3002"}],"version-history":[{"count":0,"href":"https:\/\/hdelsahko.fi\/fi\/wp-json\/wp\/v2\/pages\/3002\/revisions"}],"wp:attachment":[{"href":"https:\/\/hdelsahko.fi\/fi\/wp-json\/wp\/v2\/media?parent=3002"}],"curies":[{"name":"wp","href":"https:\/\/api.w.org\/{rel}","templated":true}]}}